{"id":5,"date":"2020-02-19T16:01:39","date_gmt":"2020-02-19T16:01:39","guid":{"rendered":"https:\/\/aguapublicitaria.cl\/home\/mesmerize\/"},"modified":"2025-10-20T00:42:42","modified_gmt":"2025-10-20T03:42:42","slug":"mesmerize","status":"publish","type":"page","link":"https:\/\/aguapublicitaria.cl\/home\/","title":{"rendered":"Front Page"},"content":{"rendered":"<div  data-label=\"Texto 1\" data-id=\"cta--7\" data-export-id=\"cta-centered-section-grid\" data-category=\"cta\" class=\"cta-centered-section-grid content-section content-section-spacing-medium bg-color1 white-text\" id=\"texto-1\" style=\"background-image: none; background-color: rgb(64, 98, 162);\"><div  class=\"gridContainer\"> <div  class=\"row text-center\"><div  class=\"col-xs-12 col-sm-10 col-sm-offset-1 col-md-8 col-md-offset-2\" data-type=\"column\">   <h2  class=\"\">Para regalar o Comercializar<\/h2><\/div> <\/div><\/div> <\/div><div  data-label=\"Botellas con etiqueta\" data-id=\"content--7\" data-export-id=\"content-8-mc\" data-category=\"content\" class=\"content-8-mc content-section content-section-spacing\" id=\"botellas-con-etiqueta\" style=\"background-color: rgb(255, 255, 255);\"><div  class=\"gridContainer\"> <div  class=\"row middle-sm\"><div  class=\"col-sm-6 space-bottom-xs space-top-xs\" data-type=\"column\"> <img  class=\"custom-image\" src=\"https:\/\/aguapublicitaria.cl\/home\/wp-content\/uploads\/2025\/10\/Foto-Collage-Botellas.jpg\" title=\"Foto Collage Botellas\" alt=\"\"><\/div> <div  class=\"col-sm-6\" data-type=\"column\">  <h2  class=\"\"><span  style=\"color: rgb(3, 169, 244);\">Botellas con etiqueta personalizada<\/span><\/h2><h3  class=\"\">Agua purificada certificada, de m\u00e1xima calidad y pureza,&nbsp;obtenida mediante los m\u00e1s rigurosos procesos de elaboraci\u00f3n.<br >\nTiempo de duraci\u00f3n 12 meses almacenadas<br >\nen un lugar fresco y a la sombra.<br >\nAseguramos gran capacidad de producci\u00f3n, excelentes&nbsp;tiempos de entrega y vol\u00famenes convenientes&nbsp;para cada proyecto.<\/h3><\/div> <\/div><\/div> <\/div><div  data-label=\"Cta\" data-id=\"cta--13\" data-export-id=\"cta-centered-section-grid\" data-category=\"cta\" class=\"cta-centered-section-grid content-section content-section-spacing-medium bg-color1 white-text\" id=\"cta-1\" style=\"background-image: none; background-color: rgb(64, 98, 162);\"><div  class=\"gridContainer\"> <div  class=\"row text-center\"><div  class=\"col-xs-12 col-sm-10 col-sm-offset-1 col-md-8 col-md-offset-2\" data-type=\"column\">   <h2  class=\"\">Visibilidad para tu Marca<\/h2><\/div> <\/div><\/div> <\/div><div  data-label=\"Imagen etiquetas\" data-id=\"gallery--1\" data-export-id=\"gallery-2\" data-category=\"gallery\" class=\"gallery-2 content-section content-section-spacing\" id=\"imagen-etiquetas\" style=\"background-color: rgb(64, 98, 162); background-image: none;\"><div  class=\"\"> <div  class=\"row\"><div  class=\"col-xs-12 full-no-padding\" data-editable=\"true\" data-content-shortcode=\"mesmerize_gallery id=&quot;mesmerize-gallery-2&quot; columns=&quot;2&quot; ids=&quot;1163,1164,1165,1166&quot; lb=&quot;0&quot; masonry=&quot;0&quot; size=&quot;mesmerize-full-hd&quot; link=&quot;file&quot; \"><div id='mesmerize-gallery-2' class='gallery-wrapper'><style type=\"text\/css\">\n                    @media only screen and (min-width: 768px) {\n                    [data-unique-id='mesmerize-gallery-2-69dfaffee89b4'] dl {\n                        float: left;\n                        width: 50% !important;\n                        max-width:  50% !important;\n                        min-width:  50% !important;\n                    }\n\n                    [data-unique-id='mesmerize-gallery-2-69dfaffee89b4'] dl:nth-of-type(2n +1 ) {\n                      clear: both;\n                      }\n                    }\n                <\/style><div id='mesmerize-gallery-2' class='mesmerize-gallery-2-dls-wrapper gallery-items-wrapper materialis-gallery' data-unique-id='mesmerize-gallery-2-69dfaffee89b4'><dl class='gallery-item'>\n\t\t\t<dt class='gallery-icon landscape'>\n\t\t\t\t<a href='https:\/\/aguapublicitaria.cl\/home\/wp-content\/uploads\/2025\/10\/Visibilidad-de-Marca-2025-1.jpg'><img  width=\"644\" height=\"337\" src=\"https:\/\/aguapublicitaria.cl\/home\/wp-content\/uploads\/2025\/10\/Visibilidad-de-Marca-2025-1.jpg\"  class='mesmerize-gallery-2-image' alt=\"\" loading=\"lazy\" srcset=\"https:\/\/aguapublicitaria.cl\/home\/wp-content\/uploads\/2025\/10\/Visibilidad-de-Marca-2025-1.jpg 644w, https:\/\/aguapublicitaria.cl\/home\/wp-content\/uploads\/2025\/10\/Visibilidad-de-Marca-2025-1-300x157.jpg 300w\" sizes=\"(max-width: 644px) 100vw, 644px\" \/><\/a>\n\t\t\t<\/dt><\/dl><dl class='gallery-item'>\n\t\t\t<dt class='gallery-icon landscape'>\n\t\t\t\t<a href='https:\/\/aguapublicitaria.cl\/home\/wp-content\/uploads\/2025\/10\/Visibilidad-de-Marca-2025-2.jpg'><img  width=\"644\" height=\"337\" src=\"https:\/\/aguapublicitaria.cl\/home\/wp-content\/uploads\/2025\/10\/Visibilidad-de-Marca-2025-2.jpg\"  class='mesmerize-gallery-2-image' alt=\"\" loading=\"lazy\" srcset=\"https:\/\/aguapublicitaria.cl\/home\/wp-content\/uploads\/2025\/10\/Visibilidad-de-Marca-2025-2.jpg 644w, https:\/\/aguapublicitaria.cl\/home\/wp-content\/uploads\/2025\/10\/Visibilidad-de-Marca-2025-2-300x157.jpg 300w\" sizes=\"(max-width: 644px) 100vw, 644px\" \/><\/a>\n\t\t\t<\/dt><\/dl><dl class='gallery-item'>\n\t\t\t<dt class='gallery-icon landscape'>\n\t\t\t\t<a href='https:\/\/aguapublicitaria.cl\/home\/wp-content\/uploads\/2025\/10\/Visibilidad-de-Marca-2025-3.jpg'><img  width=\"644\" height=\"337\" src=\"https:\/\/aguapublicitaria.cl\/home\/wp-content\/uploads\/2025\/10\/Visibilidad-de-Marca-2025-3.jpg\"  class='mesmerize-gallery-2-image' alt=\"\" loading=\"lazy\" srcset=\"https:\/\/aguapublicitaria.cl\/home\/wp-content\/uploads\/2025\/10\/Visibilidad-de-Marca-2025-3.jpg 644w, https:\/\/aguapublicitaria.cl\/home\/wp-content\/uploads\/2025\/10\/Visibilidad-de-Marca-2025-3-300x157.jpg 300w\" sizes=\"(max-width: 644px) 100vw, 644px\" \/><\/a>\n\t\t\t<\/dt><\/dl><dl class='gallery-item'>\n\t\t\t<dt class='gallery-icon landscape'>\n\t\t\t\t<a href='https:\/\/aguapublicitaria.cl\/home\/wp-content\/uploads\/2025\/10\/Visibilidad-de-Marca-2025-4.jpg'><img  width=\"644\" height=\"337\" src=\"https:\/\/aguapublicitaria.cl\/home\/wp-content\/uploads\/2025\/10\/Visibilidad-de-Marca-2025-4.jpg\"  class='mesmerize-gallery-2-image' alt=\"\" loading=\"lazy\" srcset=\"https:\/\/aguapublicitaria.cl\/home\/wp-content\/uploads\/2025\/10\/Visibilidad-de-Marca-2025-4.jpg 644w, https:\/\/aguapublicitaria.cl\/home\/wp-content\/uploads\/2025\/10\/Visibilidad-de-Marca-2025-4-300x157.jpg 300w\" sizes=\"(max-width: 644px) 100vw, 644px\" \/><\/a>\n\t\t\t<\/dt><\/dl>\n\t\t<\/div>\n<script>(function($){window.MaterialisCaptionsGallery && window.MaterialisCaptionsGallery($('[data-unique-id=\"mesmerize-gallery-2-69dfaffee89b4\"]'))})(jQuery)<\/script><\/div><\/div><\/div> <\/div><\/div><div  data-label=\"Ideal para tus eventos corporativos\" data-id=\"cta--14\" data-export-id=\"cta-centered-section-grid\" data-category=\"cta\" class=\"cta-centered-section-grid content-section content-section-spacing-medium bg-color1 white-text\" id=\"ideal-para-tus-eventos-corporativos\" style=\"background-image: none; background-color: rgb(64, 98, 162);\"><div  class=\"\"> <div  class=\"row text-center\"><div  class=\"col-xs-12 col-sm-10 col-sm-offset-1 col-md-8 col-md-offset-2\" data-type=\"column\">   <h2  class=\"\">Ideal para tus eventos corporativos y promociones<\/h2><\/div> <\/div><\/div> <\/div><div  id=\"productos\" style=\"background-color: rgb(255, 255, 255); background-image: none;\" data-label=\"Productos\" data-id=\"features-16-card-bordered-mc\" data-export-id=\"features-16-card-bordered-mc\" data-bullets-visibility=\"true\" data-category=\"features\" class=\"features-16-card-bordered-mc content-section content-section-spacing full-screen-section content-relative\"><div  class=\"gridContainer\"><div  data-section-title-area=\"true\" class=\"row text-center\">   <div  class=\"section-title-col\" data-type=\"column\">       <h2  class=\"\">Productos<\/h2>          <\/div><\/div>  <div  class=\"row spaced-cols center-sm\" data-type=\"row\"> <div  class=\"col-xs-12 col-sm-6 col-md-2 \"> <div  class=\"card no-padding bordered y-move\"> <img  class=\"face\" src=\"https:\/\/aguapublicitaria.cl\/home\/wp-content\/uploads\/2025\/09\/Fotos-botella-Agua-sin-gas-500-cc.jpg\" alt=\"\" title=\"Fotos botella-Agua sin gas 500 cc\"> <div  data-type=\"column\" class=\"col-padding-small col-padding-small-xs description-container\"> <h4  class=\"font-500\">Agua Purificada<\/h4> <p  class=\"\">500 cc \/ sin gas<br >\nBotella Desechable<\/p><\/div> <div  data-type=\"column\" class=\"col-padding-small col-padding-small-xs read-more-container\"><a class=\"read-more\" href=\"https:\/\/aguapublicitaria.cl\/home\/#contacto\" target=\"_self\" data-cp-link=\"1\" rel=\"noopener noreferrer\">Cotizar<\/a><\/div> <\/div><\/div> <div  class=\"col-xs-12 col-sm-6 col-md-2 \"><div  class=\"card no-padding bordered y-move\"> <img  class=\"face\" src=\"https:\/\/aguapublicitaria.cl\/home\/wp-content\/uploads\/2025\/09\/Fotos-botella-Agua-con-gas-500-cc.jpg\" alt=\"\" title=\"Fotos botella-Agua con gas 500 cc\"> <div  data-type=\"column\" class=\"col-padding-small col-padding-small-xs description-container\"> <h4  class=\"font-500\">Agua Purificada<\/h4> <p  class=\"\">500 cc \/ con gas\n<br >Botella Desechable<\/p><\/div> <div  data-type=\"column\" class=\"col-padding-small col-padding-small-xs read-more-container\"><a class=\"read-more\" href=\"https:\/\/aguapublicitaria.cl\/home\/#contacto\" target=\"_self\" data-cp-link=\"1\" rel=\"noopener noreferrer\">Cotizar<\/a><\/div> <\/div><\/div> <div  class=\"col-xs-12 col-sm-6 col-md-2 \"><div  class=\"card no-padding bordered y-move\"> <img  class=\"face\" src=\"https:\/\/aguapublicitaria.cl\/home\/wp-content\/uploads\/2025\/09\/Fotos-botella-Agua-saborizada-500-cc.jpg\" alt=\"\" title=\"Fotos botella-Agua saborizada 500 cc\"> <div  data-type=\"column\" class=\"col-padding-small col-padding-small-xs description-container\"> <h4  class=\"font-500\">Agua Saborizada<\/h4> <p  class=\"\">500 cc \/ sabores<br >\nBotella Desechable<\/p><\/div> <div  data-type=\"column\" class=\"col-padding-small col-padding-small-xs read-more-container\"><a class=\"read-more\" href=\"https:\/\/aguapublicitaria.cl\/home\/#contacto\" target=\"_self\" data-cp-link=\"1\" rel=\"noopener noreferrer\">Cotizar<\/a><\/div> <\/div><\/div> <div  class=\"col-xs-12 col-sm-6 col-md-2\"> <div  class=\"card no-padding bordered y-move\"> <img  class=\"face\" src=\"https:\/\/aguapublicitaria.cl\/home\/wp-content\/uploads\/2025\/09\/Fotos-botella-Agua-1500-cc.jpg\" alt=\"\" title=\"Fotos botella-Agua 1500 cc\"> <div  data-type=\"column\" class=\"col-padding-small col-padding-small-xs description-container\"> <h4  class=\"font-500\">Agua Purificada<\/h4> <p  class=\"\">1500 cc sin-con gas<br >\nBotella Desechable<\/p><\/div> <div  data-type=\"column\" class=\"col-padding-small col-padding-small-xs read-more-container\"><a class=\"read-more\" href=\"https:\/\/aguapublicitaria.cl\/home\/#contacto\" target=\"_self\" data-cp-link=\"1\" rel=\"noopener noreferrer\">Cotizar<\/a><\/div> <\/div><\/div><div  class=\"col-xs-12 col-sm-6 col-md-2 \"> <div  class=\"card no-padding bordered y-move\"> <img  class=\"face\" src=\"https:\/\/aguapublicitaria.cl\/home\/wp-content\/uploads\/2025\/09\/Fotos-botella-Agua-saborizada-1500-cc.jpg\" alt=\"\" title=\"Fotos botella-Agua saborizada 1500 cc\"> <div  data-type=\"column\" class=\"col-padding-small col-padding-small-xs description-container\"> <h4  class=\"font-500\">Agua Saborizada<\/h4> <p  class=\"\">1500 cc \/ sabores<br >\nBotella Desechable<\/p><\/div> <div  data-type=\"column\" class=\"col-padding-small col-padding-small-xs read-more-container\"><a class=\"read-more\" href=\"https:\/\/aguapublicitaria.cl\/home\/#contacto\" target=\"_self\" data-cp-link=\"1\" rel=\"noopener noreferrer\">Cotizar<\/a><\/div> <\/div><\/div><div  class=\"col-xs-12 col-sm-6 col-md-2 \"> <div  class=\"card no-padding bordered y-move\"> <img  class=\"face\" src=\"https:\/\/aguapublicitaria.cl\/home\/wp-content\/uploads\/2025\/09\/Fotos-botella-Agua-Botellon-6-Litros-1.jpg\" alt=\"\" title=\"Fotos botella-Agua Botellon 6 Litros\"> <div  data-type=\"column\" class=\"col-padding-small col-padding-small-xs description-container\"> <h4  class=\"font-500\">Agua Purificada<\/h4> <p  class=\"\">6 litros \/ sin gas<br >\nBotella Desechable<\/p><\/div> <div  data-type=\"column\" class=\"col-padding-small col-padding-small-xs read-more-container\"><a class=\"read-more\" href=\"https:\/\/aguapublicitaria.cl\/home\/#contacto\" target=\"_self\" data-cp-link=\"1\" rel=\"noopener noreferrer\">Cotizar<\/a><\/div> <\/div><\/div><\/div><\/div> <\/div><div  data-label=\"Etiquetas\" data-id=\"content--1\" data-export-id=\"content-12\" data-category=\"content\" class=\"content-12 content-section content-section-spacing white-text\" id=\"etiquetas\" style=\"background-color: rgb(64, 98, 162); background-image: none;\" data-bullets-visibility=\"true\"><div  class=\"gridContainer\"><div  data-section-title-area=\"true\" class=\"row text-center\">   <div  class=\"section-title-col\" data-type=\"column\">                 <h2  class=\"\">Personaliza tu etiqueta<\/h2><\/div><\/div>  <div  class=\"row center-xs middle-xs\"> <div  class=\"col-sm-9\" data-type=\"column\"> <\/div> <\/div><\/div> <\/div><div  data-label=\"el logo de tu marca\" data-id=\"content--6\" data-export-id=\"content-8-mc\" data-category=\"content\" class=\"content-8-mc content-section content-section-spacing\" id=\"el-logo-de-tu-marca\" style=\"background-color: rgb(255, 255, 255);\"><div  class=\"gridContainer\"> <div  class=\"row middle-sm\"><div  class=\"col-sm-6 space-bottom-xs space-top-xs\" data-type=\"column\"> <img  class=\"custom-image\" src=\"https:\/\/aguapublicitaria.cl\/home\/wp-content\/uploads\/2025\/10\/cropped-Etiquetas.jpg\" title=\"cropped-Etiquetas.jpg\" alt=\"\"><\/div> <div  class=\"col-sm-6\" data-type=\"column\">  <h2  class=\"\"><span  style=\"color: rgb(3, 169, 244);\">El logo o marca de tu empresa puede estar aqu\u00ed!<\/span><\/h2><h3  class=\"\">Personaliza tu etiqueta con el dise\u00f1o que elijas.<br >\nPuedes incluir el nombre, logo o tema de tu campa\u00f1a.<br >\nNuestras etiquetas se imprimen en materiales sustentables elaborados con sustratos certificados y sujetos a estrictos controles de calidad.<br >\nEn el caso de requerirlo, nuestro equipo de dise\u00f1adores estar\u00e1 a tu disposici\u00f3n para brindarte asesor\u00eda.<\/h3><\/div> <\/div><\/div> <\/div><div  data-label=\"Contacto\" data-id=\"contact--1\" data-export-id=\"contact-1\" data-category=\"contact\" class=\"contact-1 content-section content-section-spacing white-text full-screen-section\" data-parallax-depth=\"20\" id=\"contacto\" style=\"background-color: rgb(255, 255, 255); background-image: url(&quot;https:\/\/aguapublicitaria.cl\/home\/wp-content\/uploads\/2020\/02\/agua_publicitaria_contacto.jpg&quot;); background-size: cover; background-position: center top;\" data-bullets-visibility=\"true\"><div  class=\"gridContainer\"> <div  class=\"row text-center\"><div  class=\"section-title-col\" data-type=\"column\"> <h2  class=\"\"><span  style=\"font-family: Muli, arial, helvetica, sans-serif;\">Cont\u00e1ctanos<\/span><\/h2> <p  class=\"lead\">Si tienes alguna consulta, env\u00edanos un mensaje y te responderemos a la brevedad.<\/p><\/div> <\/div> <div  class=\"row text-center\"> <div  class=\"col-xs-12 col-sm-8 col-sm-offset-2 contact-form-wrapper inline-info\"> <div  class=\"card large-padding\"> <div  class=\"\" data-content-shortcode=\"mesmerize_contact_form shortcode=&quot;wpforms id=&amp;amp;quot;46&amp;amp;quot; title=&amp;amp;quot;false&amp;amp;quot; description=&amp;amp;quot;false&amp;amp;quot;&quot;\" data-editable=\"true\"><div class=\"wpforms-container wpforms-container-full\" id=\"wpforms-46\"><form id=\"wpforms-form-46\" class=\"wpforms-validate wpforms-form\" data-formid=\"46\" method=\"post\" enctype=\"multipart\/form-data\" action=\"\/home\/wp-json\/wp\/v2\/pages\/5\" data-token=\"83c4642f8b9f7aa478963659889509f5\"><noscript class=\"wpforms-error-noscript\">Por favor, activa JavaScript en tu navegador para completar este formulario.<\/noscript><div class=\"wpforms-field-container\"><div id=\"wpforms-46-field_0-container\" class=\"wpforms-field wpforms-field-name\" data-field-id=\"0\"><label class=\"wpforms-field-label\" for=\"wpforms-46-field_0\">Nombre y Apellido <span class=\"wpforms-required-label\">*<\/span><\/label><input type=\"text\" id=\"wpforms-46-field_0\" class=\"wpforms-field-large wpforms-field-required\" name=\"wpforms[fields][0]\" required><\/div><div id=\"wpforms-46-field_1-container\" class=\"wpforms-field wpforms-field-email\" data-field-id=\"1\"><label class=\"wpforms-field-label\" for=\"wpforms-46-field_1\">Correo electr\u00f3nico <span class=\"wpforms-required-label\">*<\/span><\/label><input type=\"email\" id=\"wpforms-46-field_1\" class=\"wpforms-field-large wpforms-field-required\" name=\"wpforms[fields][1]\" required><\/div><div id=\"wpforms-46-field_3-container\" class=\"wpforms-field wpforms-field-name\" data-field-id=\"3\"><label class=\"wpforms-field-label\" for=\"wpforms-46-field_3\">Empresa <span class=\"wpforms-required-label\">*<\/span><\/label><input type=\"text\" id=\"wpforms-46-field_3\" class=\"wpforms-field-large wpforms-field-required\" name=\"wpforms[fields][3]\" required><\/div><div id=\"wpforms-46-field_2-container\" class=\"wpforms-field wpforms-field-textarea\" data-field-id=\"2\"><label class=\"wpforms-field-label\" for=\"wpforms-46-field_2\">Mensaje <span class=\"wpforms-required-label\">*<\/span><\/label><textarea id=\"wpforms-46-field_2\" class=\"wpforms-field-medium wpforms-field-required\" name=\"wpforms[fields][2]\" required><\/textarea><\/div><\/div><div class=\"wpforms-field wpforms-field-hp\"><label for=\"wpforms-46-field-hp\" class=\"wpforms-field-label\">Name<\/label><input type=\"text\" name=\"wpforms[hp]\" id=\"wpforms-46-field-hp\" class=\"wpforms-field-medium\"><\/div><div class=\"wpforms-submit-container\"><input type=\"hidden\" name=\"wpforms[id]\" value=\"46\"><input type=\"hidden\" name=\"wpforms[author]\" value=\"1\"><button type=\"submit\" name=\"wpforms[submit]\" id=\"wpforms-submit-46\" class=\"wpforms-submit\" data-alt-text=\"Enviando...\" data-submit-text=\"Enviar\" aria-live=\"assertive\" value=\"wpforms-submit\">Enviar<\/button><\/div><\/form><\/div>  <!-- .wpforms-container --><\/div><\/div> <\/div><\/div> <\/div><\/div><div  data-label=\"Coordenada\" data-id=\"cta--12\" data-export-id=\"cta-blue-section-mc\" data-category=\"cta\" class=\"cta-blue-section-mc content-section content-section-spacing white-text\" id=\"coordenada\" style=\"background-color: rgb(52, 58, 64); background-image: none;\"><div  class=\"gridContainer\"> <div  class=\"row middle-xs\"><div  class=\"col-sm-8 space-bottom-xs\" data-type=\"column\"><h5  class=\"\">Ll\u00e1manos: +56 9 9898 3515<br >\nEscr\u00edbenos: hola@aguapublicitaria.cl\n<br >Santiago \u2013 Chile<\/h5>  <\/div> <div  class=\"col-sm-4 end-sm\" data-type=\"column\"> <\/div> <\/div><\/div> <\/div>","protected":false},"excerpt":{"rendered":"<p>Para regalar o Comercializar Botellas con etiqueta personalizadaAgua purificada certificada, de m\u00e1xima calidad y pureza,&nbsp;obtenida mediante los m\u00e1s rigurosos procesos de elaboraci\u00f3n. Tiempo de duraci\u00f3n 12 meses almacenadas en un lugar fresco y a la sombra. Aseguramos gran capacidad de producci\u00f3n, excelentes&nbsp;tiempos de entrega y vol\u00famenes convenientes&nbsp;para cada proyecto. Visibilidad para tu Marca Ideal para&hellip; <br \/> <a class=\"read-more\" href=\"https:\/\/aguapublicitaria.cl\/home\/\">Read more<\/a><\/p>\n","protected":false},"author":1,"featured_media":0,"parent":0,"menu_order":0,"comment_status":"closed","ping_status":"closed","template":"page-templates\/homepage.php","meta":[],"_links":{"self":[{"href":"https:\/\/aguapublicitaria.cl\/home\/wp-json\/wp\/v2\/pages\/5"}],"collection":[{"href":"https:\/\/aguapublicitaria.cl\/home\/wp-json\/wp\/v2\/pages"}],"about":[{"href":"https:\/\/aguapublicitaria.cl\/home\/wp-json\/wp\/v2\/types\/page"}],"author":[{"embeddable":true,"href":"https:\/\/aguapublicitaria.cl\/home\/wp-json\/wp\/v2\/users\/1"}],"replies":[{"embeddable":true,"href":"https:\/\/aguapublicitaria.cl\/home\/wp-json\/wp\/v2\/comments?post=5"}],"version-history":[{"count":0,"href":"https:\/\/aguapublicitaria.cl\/home\/wp-json\/wp\/v2\/pages\/5\/revisions"}],"wp:attachment":[{"href":"https:\/\/aguapublicitaria.cl\/home\/wp-json\/wp\/v2\/media?parent=5"}],"curies":[{"name":"wp","href":"https:\/\/api.w.org\/{rel}","templated":true}]}}